{"id":8,"date":"2021-01-26T05:57:09","date_gmt":"2021-01-26T05:57:09","guid":{"rendered":"http:\/\/demoser.xyz\/?page_id=8"},"modified":"2021-01-29T11:32:07","modified_gmt":"2021-01-29T11:32:07","slug":"lien-he","status":"publish","type":"page","link":"https:\/\/bv.hoanglongphuquoc.com\/index.php\/lien-he\/","title":{"rendered":"Li\u00ean h\u1ec7"},"content":{"rendered":"\n<p><strong>Vui l\u00f2ng li\u00ean h\u1ec7 v\u1edbi ch\u00fang t\u00f4i \u0111\u1ec3 tham kh\u1ea3o th\u00eam c\u0169ng nh\u01b0 \u0111\u01b0\u1ee3c t\u01b0 v\u1ea5n t\u1eadn t\u00ecnh, c\u1ea3m \u01a1n qu\u00fd kh\u00e1ch !<\/strong><\/p>\n\n\n\n<p><strong> &#8211; \u0110\u1ecba ch\u1ec9: S\u1ed1 32 \u0110\u01b0\u1eddng B\u1ea1ch \u0110\u1eb1ng, khu ph\u1ed1 2, Ph\u01b0\u1eddng D\u01b0\u01a1ng \u0110\u00f4ng, TP. Ph\u00fa Qu\u1ed1c.<\/strong><\/p>\n\n\n\n<p><strong>&#8211; S\u1ed1 \u0111i\u1ec7n tho\u1ea1i: (02973) 996 678 &#8211; 0907 335 009<\/strong><\/p>\n\n\n\n<p><strong> &#8211; Website: <a rel=\"noreferrer noopener\" href=\"https:\/\/www.securityhoanglong.com\/?fbclid=IwAR3wYBf4UuC0a0eeTOxvtaCOZJkHhnoAt9GDa_z6pmfFHXB2lhCPyk7ahi4\" target=\"_blank\">www.hoanglongphuquoc.com<\/a><\/strong><\/p>\n\n\n\n<p><strong> &#8211; Email: hoanglongpq76@gmail.com<\/strong><\/p>\n\n\n\n<p><\/p>\n","protected":false},"excerpt":{"rendered":"<p>Vui l\u00f2ng li\u00ean h\u1ec7 v\u1edbi ch\u00fang t\u00f4i \u0111\u1ec3 tham kh\u1ea3o th\u00eam c\u0169ng nh\u01b0 \u0111\u01b0\u1ee3c t\u01b0 v\u1ea5n t\u1eadn t\u00ecnh, c\u1ea3m \u01a1n qu\u00fd kh\u00e1ch ! &#8211; \u0110\u1ecba ch\u1ec9: S\u1ed1 32 \u0110\u01b0\u1eddng B\u1ea1ch \u0110\u1eb1ng, khu ph\u1ed1 2, Ph\u01b0\u1eddng D\u01b0\u01a1ng \u0110\u00f4ng, TP. Ph\u00fa Qu\u1ed1c. &#8211; S\u1ed1 \u0111i\u1ec7n tho\u1ea1i: (02973) 996 678 &#8211; 0907 335<a href=\"https:\/\/bv.hoanglongphuquoc.com\/index.php\/lien-he\/\" class=\"read-more\">Read More<\/a><\/p>\n","protected":false},"author":1,"featured_media":0,"parent":0,"menu_order":0,"comment_status":"closed","ping_status":"closed","template":"","meta":{"footnotes":""},"class_list":["post-8","page","type-page","status-publish","hentry"],"yoast_head":"<!-- This site is optimized with the Yoast SEO plugin v24.6 - https:\/\/yoast.com\/wordpress\/plugins\/seo\/ -->\n<title>Li\u00ean h\u1ec7 - Ho\u00e0ng Long<\/title>\n<meta name=\"robots\" content=\"index, follow, max-snippet:-1, max-image-preview:large, max-video-preview:-1\" \/>\n<link rel=\"canonical\" href=\"https:\/\/bv.hoanglongphuquoc.com\/index.php\/lien-he\/\" \/>\n<meta property=\"og:locale\" content=\"vi_VN\" \/>\n<meta property=\"og:type\" content=\"article\" \/>\n<meta property=\"og:title\" content=\"Li\u00ean h\u1ec7 - Ho\u00e0ng Long\" \/>\n<meta property=\"og:description\" content=\"Vui l\u00f2ng li\u00ean h\u1ec7 v\u1edbi ch\u00fang t\u00f4i \u0111\u1ec3 tham kh\u1ea3o th\u00eam c\u0169ng nh\u01b0 \u0111\u01b0\u1ee3c t\u01b0 v\u1ea5n t\u1eadn t\u00ecnh, c\u1ea3m \u01a1n qu\u00fd kh\u00e1ch ! &#8211; \u0110\u1ecba ch\u1ec9: S\u1ed1 32 \u0110\u01b0\u1eddng B\u1ea1ch \u0110\u1eb1ng, khu ph\u1ed1 2, Ph\u01b0\u1eddng D\u01b0\u01a1ng \u0110\u00f4ng, TP. Ph\u00fa Qu\u1ed1c. &#8211; S\u1ed1 \u0111i\u1ec7n tho\u1ea1i: (02973) 996 678 &#8211; 0907 335Read More\" \/>\n<meta property=\"og:url\" content=\"https:\/\/bv.hoanglongphuquoc.com\/index.php\/lien-he\/\" \/>\n<meta property=\"og:site_name\" content=\"Ho\u00e0ng Long\" \/>\n<meta property=\"article:publisher\" content=\"https:\/\/www.facebook.com\/baovehoanglongtmt\/\" \/>\n<meta property=\"article:modified_time\" content=\"2021-01-29T11:32:07+00:00\" \/>\n<meta name=\"twitter:card\" content=\"summary_large_image\" \/>\n<script type=\"application\/ld+json\" class=\"yoast-schema-graph\">{\"@context\":\"https:\/\/schema.org\",\"@graph\":[{\"@type\":\"WebPage\",\"@id\":\"https:\/\/bv.hoanglongphuquoc.com\/index.php\/lien-he\/\",\"url\":\"https:\/\/bv.hoanglongphuquoc.com\/index.php\/lien-he\/\",\"name\":\"Li\u00ean h\u1ec7 - Ho\u00e0ng Long\",\"isPartOf\":{\"@id\":\"https:\/\/bv.hoanglongphuquoc.com\/#website\"},\"datePublished\":\"2021-01-26T05:57:09+00:00\",\"dateModified\":\"2021-01-29T11:32:07+00:00\",\"breadcrumb\":{\"@id\":\"https:\/\/bv.hoanglongphuquoc.com\/index.php\/lien-he\/#breadcrumb\"},\"inLanguage\":\"vi\",\"potentialAction\":[{\"@type\":\"ReadAction\",\"target\":[\"https:\/\/bv.hoanglongphuquoc.com\/index.php\/lien-he\/\"]}]},{\"@type\":\"BreadcrumbList\",\"@id\":\"https:\/\/bv.hoanglongphuquoc.com\/index.php\/lien-he\/#breadcrumb\",\"itemListElement\":[{\"@type\":\"ListItem\",\"position\":1,\"name\":\"Trang ch\u1ee7\",\"item\":\"https:\/\/bv.hoanglongphuquoc.com\/\"},{\"@type\":\"ListItem\",\"position\":2,\"name\":\"Li\u00ean h\u1ec7\"}]},{\"@type\":\"WebSite\",\"@id\":\"https:\/\/bv.hoanglongphuquoc.com\/#website\",\"url\":\"https:\/\/bv.hoanglongphuquoc.com\/\",\"name\":\"B\u1ea3o V\u1ec7 Ho\u00e0ng Long\",\"description\":\"C\u00d4NG TY TNHH DV B\u1ea2O V\u1ec6 HO\u00c0NG LONG TMT\",\"potentialAction\":[{\"@type\":\"SearchAction\",\"target\":{\"@type\":\"EntryPoint\",\"urlTemplate\":\"https:\/\/bv.hoanglongphuquoc.com\/?s={search_term_string}\"},\"query-input\":{\"@type\":\"PropertyValueSpecification\",\"valueRequired\":true,\"valueName\":\"search_term_string\"}}],\"inLanguage\":\"vi\"}]}<\/script>\n<!-- \/ Yoast SEO plugin. -->","yoast_head_json":{"title":"Li\u00ean h\u1ec7 - Ho\u00e0ng Long","robots":{"index":"index","follow":"follow","max-snippet":"max-snippet:-1","max-image-preview":"max-image-preview:large","max-video-preview":"max-video-preview:-1"},"canonical":"https:\/\/bv.hoanglongphuquoc.com\/index.php\/lien-he\/","og_locale":"vi_VN","og_type":"article","og_title":"Li\u00ean h\u1ec7 - Ho\u00e0ng Long","og_description":"Vui l\u00f2ng li\u00ean h\u1ec7 v\u1edbi ch\u00fang t\u00f4i \u0111\u1ec3 tham kh\u1ea3o th\u00eam c\u0169ng nh\u01b0 \u0111\u01b0\u1ee3c t\u01b0 v\u1ea5n t\u1eadn t\u00ecnh, c\u1ea3m \u01a1n qu\u00fd kh\u00e1ch ! &#8211; \u0110\u1ecba ch\u1ec9: S\u1ed1 32 \u0110\u01b0\u1eddng B\u1ea1ch \u0110\u1eb1ng, khu ph\u1ed1 2, Ph\u01b0\u1eddng D\u01b0\u01a1ng \u0110\u00f4ng, TP. Ph\u00fa Qu\u1ed1c. &#8211; S\u1ed1 \u0111i\u1ec7n tho\u1ea1i: (02973) 996 678 &#8211; 0907 335Read More","og_url":"https:\/\/bv.hoanglongphuquoc.com\/index.php\/lien-he\/","og_site_name":"Ho\u00e0ng Long","article_publisher":"https:\/\/www.facebook.com\/baovehoanglongtmt\/","article_modified_time":"2021-01-29T11:32:07+00:00","twitter_card":"summary_large_image","schema":{"@context":"https:\/\/schema.org","@graph":[{"@type":"WebPage","@id":"https:\/\/bv.hoanglongphuquoc.com\/index.php\/lien-he\/","url":"https:\/\/bv.hoanglongphuquoc.com\/index.php\/lien-he\/","name":"Li\u00ean h\u1ec7 - Ho\u00e0ng Long","isPartOf":{"@id":"https:\/\/bv.hoanglongphuquoc.com\/#website"},"datePublished":"2021-01-26T05:57:09+00:00","dateModified":"2021-01-29T11:32:07+00:00","breadcrumb":{"@id":"https:\/\/bv.hoanglongphuquoc.com\/index.php\/lien-he\/#breadcrumb"},"inLanguage":"vi","potentialAction":[{"@type":"ReadAction","target":["https:\/\/bv.hoanglongphuquoc.com\/index.php\/lien-he\/"]}]},{"@type":"BreadcrumbList","@id":"https:\/\/bv.hoanglongphuquoc.com\/index.php\/lien-he\/#breadcrumb","itemListElement":[{"@type":"ListItem","position":1,"name":"Trang ch\u1ee7","item":"https:\/\/bv.hoanglongphuquoc.com\/"},{"@type":"ListItem","position":2,"name":"Li\u00ean h\u1ec7"}]},{"@type":"WebSite","@id":"https:\/\/bv.hoanglongphuquoc.com\/#website","url":"https:\/\/bv.hoanglongphuquoc.com\/","name":"B\u1ea3o V\u1ec7 Ho\u00e0ng Long","description":"C\u00d4NG TY TNHH DV B\u1ea2O V\u1ec6 HO\u00c0NG LONG TMT","potentialAction":[{"@type":"SearchAction","target":{"@type":"EntryPoint","urlTemplate":"https:\/\/bv.hoanglongphuquoc.com\/?s={search_term_string}"},"query-input":{"@type":"PropertyValueSpecification","valueRequired":true,"valueName":"search_term_string"}}],"inLanguage":"vi"}]}},"_links":{"self":[{"href":"https:\/\/bv.hoanglongphuquoc.com\/index.php\/wp-json\/wp\/v2\/pages\/8","targetHints":{"allow":["GET"]}}],"collection":[{"href":"https:\/\/bv.hoanglongphuquoc.com\/index.php\/wp-json\/wp\/v2\/pages"}],"about":[{"href":"https:\/\/bv.hoanglongphuquoc.com\/index.php\/wp-json\/wp\/v2\/types\/page"}],"author":[{"embeddable":true,"href":"https:\/\/bv.hoanglongphuquoc.com\/index.php\/wp-json\/wp\/v2\/users\/1"}],"replies":[{"embeddable":true,"href":"https:\/\/bv.hoanglongphuquoc.com\/index.php\/wp-json\/wp\/v2\/comments?post=8"}],"version-history":[{"count":5,"href":"https:\/\/bv.hoanglongphuquoc.com\/index.php\/wp-json\/wp\/v2\/pages\/8\/revisions"}],"predecessor-version":[{"id":203,"href":"https:\/\/bv.hoanglongphuquoc.com\/index.php\/wp-json\/wp\/v2\/pages\/8\/revisions\/203"}],"wp:attachment":[{"href":"https:\/\/bv.hoanglongphuquoc.com\/index.php\/wp-json\/wp\/v2\/media?parent=8"}],"curies":[{"name":"wp","href":"https:\/\/api.w.org\/{rel}","templated":true}]}}