{"id":7,"date":"2021-01-26T05:57:09","date_gmt":"2021-01-26T05:57:09","guid":{"rendered":"http:\/\/demoser.xyz\/?page_id=7"},"modified":"2021-01-28T12:49:52","modified_gmt":"2021-01-28T12:49:52","slug":"gioi-thieu","status":"publish","type":"page","link":"https:\/\/bv.hoanglongphuquoc.com\/index.php\/gioi-thieu\/","title":{"rendered":"Gi\u1edbi thi\u1ec7u"},"content":{"rendered":"\n<p><strong>C\u00d4NG TY <span class='tooltipsall tooltipsincontent classtoolTips0'>TNHH<\/span> MTV D\u1ecaCH V\u1ee4 B\u1ea2O V\u1ec6 HO\u00c0NG LONG l\u00e0 doanh nghi\u1ec7p \u0111\u01b0\u1ee3c th\u00e0nh l\u1eadp v\u00e0 ho\u1ea1t \u0111\u1ed9ng tr\u00ean l\u00e3nh th\u1ed5 n\u01b0\u1edbc Vi\u1ec7t Nam t\u1eeb n\u0103m 2009, do Ban Qu\u1ea3n L\u00fd \u0110TPT \u0110\u1ea3o Ph\u00fa Qu\u1ed1c c\u1ea5p Gi\u1ea5y ch\u1ee9ng nh\u1eadn \u0111\u0103ng k\u00fd kinh doanh kinh doanh s\u1ed1: 1700956949.ng\u00e0y 24 th\u00e1ng 03 n\u0103m 2009.<\/strong><\/p>\n\n\n\n<p><strong>Ph\u01b0\u01a1ng ch\u00e2n ho\u1ea1t \u0111\u1ed9ng c\u1ee7a C\u00f4ng ty B\u1ea3o v\u1ec7 Ho\u00e0ng Long l\u00e0: \u201c Trung th\u00e0nh -\u0110\u1ea1o \u0111\u1ee9c &#8211; K\u1ef7 lu\u1eadt &#8211; Tr\u00e1ch nhi\u1ec7m\u201d. <\/strong><\/p>\n\n\n\n<p><strong>C\u00e1c d\u1ecbch v\u1ee5 b\u1ea3o v\u1ec7 c\u1ee7a C\u00f4ng Ty B\u1ea3o V\u1ec7 Ho\u00e0ng Long: C\u00d4NG TY <span class='tooltipsall tooltipsincontent classtoolTips0'>TNHH<\/span> MTV D\u1ecaCH V\u1ee4 B\u1ea2O V\u1ec6 HO\u00c0NG LONG t\u1ef1 h\u00e0o l\u00e0 m\u1ed9t th\u01b0\u01a1ng hi\u1ec7u l\u1edbn \u1edf Ph\u00fa Qu\u1ed1c trong d\u1ecbch v\u1ee5 cung c\u1ea5p d\u1ecbch v\u1ee5 b\u1ea3o v\u1ec7 chuy\u00ean nghi\u1ec7p v\u00e0 \u0111\u00e3 \u0111\u01b0\u1ee3c c\u00f4ng nh\u1eadn l\u00e0 m\u1ed9t trong nh\u0169ng \u0111\u01a1n v\u1ecb c\u00f3 \u0111\u1ee7 n\u0103ng l\u1ef1c, s\u1eb5n s\u00e0ng cung c\u1ea5p c\u00e1c d\u1ecbch v\u1ee5 sau:<\/strong><\/p>\n\n\n\n<p><strong>&#8211; B\u1ea3o v\u1ec7: Ng\u00e2n h\u00e0ng, kh\u00e1ch s\u1ea1n, resort, nh\u00e0 h\u00e0ng, nh\u00e0 kho, qu\u00e1n Bar, si\u00eau th\u1ecb, v\u0103n ph\u00f2ng c\u00f4ng ty, nh\u00e0 m\u00e1y, c\u00f4ng tr\u00ecnh x\u00e2y d\u1ef1ng, c\u00f4ng tr\u01b0\u1eddng do n\u01b0\u1edbc ngo\u00e0i \u0111\u1ea7u t\u01b0, khu \u0111\u1ea5t d\u1ef1 \u00e1n chu\u1ea9n b\u1ecb x\u00e2y d\u1ef1ng\u2026<\/strong><\/p>\n\n\n\n<p><strong>&#8211; B\u1ea3o v\u1ec7: C\u00f4ng tr\u00ecnh x\u00e2y d\u1ef1ng tr\u01b0\u1eddng h\u1ecdc, c\u00e1c c\u01a1 quan doanh nghi\u1ec7p\u2026<\/strong><\/p>\n\n\n\n<p><strong>&#8211; B\u1ea3o v\u1ec7: Khu vui ch\u01a1i gi\u1ea3i tr\u00ed, h\u1ed9i th\u1ea3o, h\u1ed9i ch\u1ee3 tri\u1ec3n l\u00e3m, ch\u01b0\u01a1ng tr\u00ecnh ca nh\u1ea1c\u2026<\/strong><\/p>\n\n\n\n<p><strong>&#8211; B\u1ea3o v\u1ec7 y\u1ebfu nh\u00e2nC\u1ea3m \u01a1n qu\u00fd kh\u00e1ch \u0111\u00e3 v\u00e0 tin t\u01b0\u1edfng s\u1eed d\u1ee5ng d\u1ecbch v\u1ee5 b\u1ea3o v\u1ec7 c\u1ee7a ch\u00fang t\u00f4i trong th\u1eddi gian qua c\u0169ng nh\u01b0 c\u00e1c kh\u00e1ch h\u00e0ng m\u1edbi c\u1ee7a C\u00f4ng Ty B\u1ea3o V\u1ec7 Ho\u00e0ng Long trong th\u1eddi gian t\u1edbi.K\u00ednh ch\u00fac qu\u00fd kh\u00e1ch an khang th\u1ecbnh v\u01b0\u1ee3ng, th\u00e0nh trong cu\u1ed9c s\u1ed1ng !!!Tr\u00e2n tr\u1ecdng k\u00ednh ch\u00e0o,C\u00d4NG TY <span class='tooltipsall tooltipsincontent classtoolTips0'>TNHH<\/span> MTV D\u1ecaCH V\u1ee4 B\u1ea2O V\u1ec6 HO\u00c0NG LONG<\/strong><\/p>\n\n\n\n<p>x<img loading=\"lazy\" decoding=\"async\" width=\"500\" height=\"243\" class=\"wp-image-148\" style=\"width: 500px;\" src=\"http:\/\/demoser.xyz\/wp-content\/uploads\/2021\/01\/rsz_z1969563599608_ef23925c96cd368ace970ebd46b55a11.png\" alt=\"\" srcset=\"https:\/\/bv.hoanglongphuquoc.com\/wp-content\/uploads\/2021\/01\/rsz_z1969563599608_ef23925c96cd368ace970ebd46b55a11.png 1080w, https:\/\/bv.hoanglongphuquoc.com\/wp-content\/uploads\/2021\/01\/rsz_z1969563599608_ef23925c96cd368ace970ebd46b55a11-300x146.png 300w, https:\/\/bv.hoanglongphuquoc.com\/wp-content\/uploads\/2021\/01\/rsz_z1969563599608_ef23925c96cd368ace970ebd46b55a11-1024x498.png 1024w, https:\/\/bv.hoanglongphuquoc.com\/wp-content\/uploads\/2021\/01\/rsz_z1969563599608_ef23925c96cd368ace970ebd46b55a11-768x373.png 768w\" sizes=\"auto, (max-width: 500px) 100vw, 500px\" \/><img loading=\"lazy\" decoding=\"async\" width=\"500\" height=\"334\" class=\"wp-image-171\" style=\"width: 500px;\" src=\"http:\/\/demoser.xyz\/wp-content\/uploads\/2021\/01\/106717040_112479133867012_950128888955411102_o.jpg\" alt=\"\" srcset=\"https:\/\/bv.hoanglongphuquoc.com\/wp-content\/uploads\/2021\/01\/106717040_112479133867012_950128888955411102_o.jpg 1280w, https:\/\/bv.hoanglongphuquoc.com\/wp-content\/uploads\/2021\/01\/106717040_112479133867012_950128888955411102_o-300x200.jpg 300w, https:\/\/bv.hoanglongphuquoc.com\/wp-content\/uploads\/2021\/01\/106717040_112479133867012_950128888955411102_o-1024x683.jpg 1024w, https:\/\/bv.hoanglongphuquoc.com\/wp-content\/uploads\/2021\/01\/106717040_112479133867012_950128888955411102_o-768x512.jpg 768w\" sizes=\"auto, (max-width: 500px) 100vw, 500px\" \/><img loading=\"lazy\" decoding=\"async\" width=\"500\" height=\"358\" class=\"wp-image-169\" style=\"width: 500px;\" src=\"http:\/\/demoser.xyz\/wp-content\/uploads\/2021\/01\/106456562_112479487200310_4056718106478323150_n.png\" alt=\"\" srcset=\"https:\/\/bv.hoanglongphuquoc.com\/wp-content\/uploads\/2021\/01\/106456562_112479487200310_4056718106478323150_n.png 703w, https:\/\/bv.hoanglongphuquoc.com\/wp-content\/uploads\/2021\/01\/106456562_112479487200310_4056718106478323150_n-300x215.png 300w\" sizes=\"auto, (max-width: 500px) 100vw, 500px\" \/><img loading=\"lazy\" decoding=\"async\" width=\"500\" height=\"667\" class=\"wp-image-174\" style=\"width: 500px;\" src=\"http:\/\/demoser.xyz\/wp-content\/uploads\/2021\/01\/117841917_134305661684359_2317206574778545215_o.jpg\" alt=\"\" srcset=\"https:\/\/bv.hoanglongphuquoc.com\/wp-content\/uploads\/2021\/01\/117841917_134305661684359_2317206574778545215_o.jpg 960w, https:\/\/bv.hoanglongphuquoc.com\/wp-content\/uploads\/2021\/01\/117841917_134305661684359_2317206574778545215_o-225x300.jpg 225w, https:\/\/bv.hoanglongphuquoc.com\/wp-content\/uploads\/2021\/01\/117841917_134305661684359_2317206574778545215_o-768x1024.jpg 768w\" sizes=\"auto, (max-width: 500px) 100vw, 500px\" \/><img loading=\"lazy\" decoding=\"async\" width=\"500\" height=\"307\" class=\"wp-image-170\" style=\"width: 500px;\" src=\"http:\/\/demoser.xyz\/wp-content\/uploads\/2021\/01\/106582166_112479343866991_8545025427860539561_n.png\" alt=\"\" srcset=\"https:\/\/bv.hoanglongphuquoc.com\/wp-content\/uploads\/2021\/01\/106582166_112479343866991_8545025427860539561_n.png 691w, https:\/\/bv.hoanglongphuquoc.com\/wp-content\/uploads\/2021\/01\/106582166_112479343866991_8545025427860539561_n-300x184.png 300w\" sizes=\"auto, (max-width: 500px) 100vw, 500px\" \/><img loading=\"lazy\" decoding=\"async\" width=\"500\" height=\"375\" class=\"wp-image-173\" style=\"width: 500px;\" src=\"http:\/\/demoser.xyz\/wp-content\/uploads\/2021\/01\/117765124_134305335017725_5037224247900043922_n.jpg\" alt=\"\" srcset=\"https:\/\/bv.hoanglongphuquoc.com\/wp-content\/uploads\/2021\/01\/117765124_134305335017725_5037224247900043922_n.jpg 960w, https:\/\/bv.hoanglongphuquoc.com\/wp-content\/uploads\/2021\/01\/117765124_134305335017725_5037224247900043922_n-300x225.jpg 300w, https:\/\/bv.hoanglongphuquoc.com\/wp-content\/uploads\/2021\/01\/117765124_134305335017725_5037224247900043922_n-768x576.jpg 768w\" sizes=\"auto, (max-width: 500px) 100vw, 500px\" \/><\/p>\n<script type=\"text\/javascript\"> toolTips('.classtoolTips0','Vinpearl Ph\u00fa Qu\u1ed1c<br\/>T\u1eadp \u0110o\u00e0n BIM GROUP'); <\/script>","protected":false},"excerpt":{"rendered":"<p>C\u00d4NG TY TNHH MTV D\u1ecaCH V\u1ee4 B\u1ea2O V\u1ec6 HO\u00c0NG LONG l\u00e0 doanh nghi\u1ec7p \u0111\u01b0\u1ee3c th\u00e0nh l\u1eadp v\u00e0 ho\u1ea1t \u0111\u1ed9ng tr\u00ean l\u00e3nh th\u1ed5 n\u01b0\u1edbc Vi\u1ec7t Nam t\u1eeb n\u0103m 2009, do Ban Qu\u1ea3n L\u00fd \u0110TPT \u0110\u1ea3o Ph\u00fa Qu\u1ed1c c\u1ea5p Gi\u1ea5y ch\u1ee9ng nh\u1eadn \u0111\u0103ng k\u00fd kinh doanh kinh doanh s\u1ed1: 1700956949.ng\u00e0y 24 th\u00e1ng<a href=\"https:\/\/bv.hoanglongphuquoc.com\/index.php\/gioi-thieu\/\" class=\"read-more\">Read More<\/a><\/p>\n","protected":false},"author":1,"featured_media":166,"parent":0,"menu_order":0,"comment_status":"closed","ping_status":"closed","template":"","meta":{"footnotes":""},"class_list":["post-7","page","type-page","status-publish","has-post-thumbnail","hentry"],"yoast_head":"<!-- This site is optimized with the Yoast SEO plugin v24.6 - https:\/\/yoast.com\/wordpress\/plugins\/seo\/ -->\n<title>Gi\u1edbi thi\u1ec7u - Ho\u00e0ng Long<\/title>\n<meta name=\"robots\" content=\"index, follow, max-snippet:-1, max-image-preview:large, max-video-preview:-1\" \/>\n<link rel=\"canonical\" href=\"https:\/\/bv.hoanglongphuquoc.com\/index.php\/gioi-thieu\/\" \/>\n<meta property=\"og:locale\" content=\"vi_VN\" \/>\n<meta property=\"og:type\" content=\"article\" \/>\n<meta property=\"og:title\" content=\"Gi\u1edbi thi\u1ec7u - Ho\u00e0ng Long\" \/>\n<meta property=\"og:description\" content=\"C\u00d4NG TY TNHH MTV D\u1ecaCH V\u1ee4 B\u1ea2O V\u1ec6 HO\u00c0NG LONG l\u00e0 doanh nghi\u1ec7p \u0111\u01b0\u1ee3c th\u00e0nh l\u1eadp v\u00e0 ho\u1ea1t \u0111\u1ed9ng tr\u00ean l\u00e3nh th\u1ed5 n\u01b0\u1edbc Vi\u1ec7t Nam t\u1eeb n\u0103m 2009, do Ban Qu\u1ea3n L\u00fd \u0110TPT \u0110\u1ea3o Ph\u00fa Qu\u1ed1c c\u1ea5p Gi\u1ea5y ch\u1ee9ng nh\u1eadn \u0111\u0103ng k\u00fd kinh doanh kinh doanh s\u1ed1: 1700956949.ng\u00e0y 24 th\u00e1ngRead More\" \/>\n<meta property=\"og:url\" content=\"https:\/\/bv.hoanglongphuquoc.com\/index.php\/gioi-thieu\/\" \/>\n<meta property=\"og:site_name\" content=\"Ho\u00e0ng Long\" \/>\n<meta property=\"article:publisher\" content=\"https:\/\/www.facebook.com\/baovehoanglongtmt\/\" \/>\n<meta property=\"article:modified_time\" content=\"2021-01-28T12:49:52+00:00\" \/>\n<meta property=\"og:image\" content=\"https:\/\/bv.hoanglongphuquoc.com\/wp-content\/uploads\/2021\/01\/117726517_134305678351024_4866392824480898135_o.jpg\" \/>\n\t<meta property=\"og:image:width\" content=\"1280\" \/>\n\t<meta property=\"og:image:height\" content=\"960\" \/>\n\t<meta property=\"og:image:type\" content=\"image\/jpeg\" \/>\n<meta name=\"twitter:card\" content=\"summary_large_image\" \/>\n<meta name=\"twitter:label1\" content=\"\u01af\u1edbc t\u00ednh th\u1eddi gian \u0111\u1ecdc\" \/>\n\t<meta name=\"twitter:data1\" content=\"2 ph\u00fat\" \/>\n<script type=\"application\/ld+json\" class=\"yoast-schema-graph\">{\"@context\":\"https:\/\/schema.org\",\"@graph\":[{\"@type\":\"WebPage\",\"@id\":\"https:\/\/bv.hoanglongphuquoc.com\/index.php\/gioi-thieu\/\",\"url\":\"https:\/\/bv.hoanglongphuquoc.com\/index.php\/gioi-thieu\/\",\"name\":\"Gi\u1edbi thi\u1ec7u - Ho\u00e0ng Long\",\"isPartOf\":{\"@id\":\"https:\/\/bv.hoanglongphuquoc.com\/#website\"},\"primaryImageOfPage\":{\"@id\":\"https:\/\/bv.hoanglongphuquoc.com\/index.php\/gioi-thieu\/#primaryimage\"},\"image\":{\"@id\":\"https:\/\/bv.hoanglongphuquoc.com\/index.php\/gioi-thieu\/#primaryimage\"},\"thumbnailUrl\":\"https:\/\/bv.hoanglongphuquoc.com\/wp-content\/uploads\/2021\/01\/117726517_134305678351024_4866392824480898135_o.jpg\",\"datePublished\":\"2021-01-26T05:57:09+00:00\",\"dateModified\":\"2021-01-28T12:49:52+00:00\",\"breadcrumb\":{\"@id\":\"https:\/\/bv.hoanglongphuquoc.com\/index.php\/gioi-thieu\/#breadcrumb\"},\"inLanguage\":\"vi\",\"potentialAction\":[{\"@type\":\"ReadAction\",\"target\":[\"https:\/\/bv.hoanglongphuquoc.com\/index.php\/gioi-thieu\/\"]}]},{\"@type\":\"ImageObject\",\"inLanguage\":\"vi\",\"@id\":\"https:\/\/bv.hoanglongphuquoc.com\/index.php\/gioi-thieu\/#primaryimage\",\"url\":\"https:\/\/bv.hoanglongphuquoc.com\/wp-content\/uploads\/2021\/01\/117726517_134305678351024_4866392824480898135_o.jpg\",\"contentUrl\":\"https:\/\/bv.hoanglongphuquoc.com\/wp-content\/uploads\/2021\/01\/117726517_134305678351024_4866392824480898135_o.jpg\",\"width\":1280,\"height\":960},{\"@type\":\"BreadcrumbList\",\"@id\":\"https:\/\/bv.hoanglongphuquoc.com\/index.php\/gioi-thieu\/#breadcrumb\",\"itemListElement\":[{\"@type\":\"ListItem\",\"position\":1,\"name\":\"Trang ch\u1ee7\",\"item\":\"https:\/\/bv.hoanglongphuquoc.com\/\"},{\"@type\":\"ListItem\",\"position\":2,\"name\":\"Gi\u1edbi thi\u1ec7u\"}]},{\"@type\":\"WebSite\",\"@id\":\"https:\/\/bv.hoanglongphuquoc.com\/#website\",\"url\":\"https:\/\/bv.hoanglongphuquoc.com\/\",\"name\":\"B\u1ea3o V\u1ec7 Ho\u00e0ng Long\",\"description\":\"C\u00d4NG TY TNHH DV B\u1ea2O V\u1ec6 HO\u00c0NG LONG TMT\",\"potentialAction\":[{\"@type\":\"SearchAction\",\"target\":{\"@type\":\"EntryPoint\",\"urlTemplate\":\"https:\/\/bv.hoanglongphuquoc.com\/?s={search_term_string}\"},\"query-input\":{\"@type\":\"PropertyValueSpecification\",\"valueRequired\":true,\"valueName\":\"search_term_string\"}}],\"inLanguage\":\"vi\"}]}<\/script>\n<!-- \/ Yoast SEO plugin. -->","yoast_head_json":{"title":"Gi\u1edbi thi\u1ec7u - Ho\u00e0ng Long","robots":{"index":"index","follow":"follow","max-snippet":"max-snippet:-1","max-image-preview":"max-image-preview:large","max-video-preview":"max-video-preview:-1"},"canonical":"https:\/\/bv.hoanglongphuquoc.com\/index.php\/gioi-thieu\/","og_locale":"vi_VN","og_type":"article","og_title":"Gi\u1edbi thi\u1ec7u - Ho\u00e0ng Long","og_description":"C\u00d4NG TY TNHH MTV D\u1ecaCH V\u1ee4 B\u1ea2O V\u1ec6 HO\u00c0NG LONG l\u00e0 doanh nghi\u1ec7p \u0111\u01b0\u1ee3c th\u00e0nh l\u1eadp v\u00e0 ho\u1ea1t \u0111\u1ed9ng tr\u00ean l\u00e3nh th\u1ed5 n\u01b0\u1edbc Vi\u1ec7t Nam t\u1eeb n\u0103m 2009, do Ban Qu\u1ea3n L\u00fd \u0110TPT \u0110\u1ea3o Ph\u00fa Qu\u1ed1c c\u1ea5p Gi\u1ea5y ch\u1ee9ng nh\u1eadn \u0111\u0103ng k\u00fd kinh doanh kinh doanh s\u1ed1: 1700956949.ng\u00e0y 24 th\u00e1ngRead More","og_url":"https:\/\/bv.hoanglongphuquoc.com\/index.php\/gioi-thieu\/","og_site_name":"Ho\u00e0ng Long","article_publisher":"https:\/\/www.facebook.com\/baovehoanglongtmt\/","article_modified_time":"2021-01-28T12:49:52+00:00","og_image":[{"width":1280,"height":960,"url":"https:\/\/bv.hoanglongphuquoc.com\/wp-content\/uploads\/2021\/01\/117726517_134305678351024_4866392824480898135_o.jpg","type":"image\/jpeg"}],"twitter_card":"summary_large_image","twitter_misc":{"\u01af\u1edbc t\u00ednh th\u1eddi gian \u0111\u1ecdc":"2 ph\u00fat"},"schema":{"@context":"https:\/\/schema.org","@graph":[{"@type":"WebPage","@id":"https:\/\/bv.hoanglongphuquoc.com\/index.php\/gioi-thieu\/","url":"https:\/\/bv.hoanglongphuquoc.com\/index.php\/gioi-thieu\/","name":"Gi\u1edbi thi\u1ec7u - Ho\u00e0ng Long","isPartOf":{"@id":"https:\/\/bv.hoanglongphuquoc.com\/#website"},"primaryImageOfPage":{"@id":"https:\/\/bv.hoanglongphuquoc.com\/index.php\/gioi-thieu\/#primaryimage"},"image":{"@id":"https:\/\/bv.hoanglongphuquoc.com\/index.php\/gioi-thieu\/#primaryimage"},"thumbnailUrl":"https:\/\/bv.hoanglongphuquoc.com\/wp-content\/uploads\/2021\/01\/117726517_134305678351024_4866392824480898135_o.jpg","datePublished":"2021-01-26T05:57:09+00:00","dateModified":"2021-01-28T12:49:52+00:00","breadcrumb":{"@id":"https:\/\/bv.hoanglongphuquoc.com\/index.php\/gioi-thieu\/#breadcrumb"},"inLanguage":"vi","potentialAction":[{"@type":"ReadAction","target":["https:\/\/bv.hoanglongphuquoc.com\/index.php\/gioi-thieu\/"]}]},{"@type":"ImageObject","inLanguage":"vi","@id":"https:\/\/bv.hoanglongphuquoc.com\/index.php\/gioi-thieu\/#primaryimage","url":"https:\/\/bv.hoanglongphuquoc.com\/wp-content\/uploads\/2021\/01\/117726517_134305678351024_4866392824480898135_o.jpg","contentUrl":"https:\/\/bv.hoanglongphuquoc.com\/wp-content\/uploads\/2021\/01\/117726517_134305678351024_4866392824480898135_o.jpg","width":1280,"height":960},{"@type":"BreadcrumbList","@id":"https:\/\/bv.hoanglongphuquoc.com\/index.php\/gioi-thieu\/#breadcrumb","itemListElement":[{"@type":"ListItem","position":1,"name":"Trang ch\u1ee7","item":"https:\/\/bv.hoanglongphuquoc.com\/"},{"@type":"ListItem","position":2,"name":"Gi\u1edbi thi\u1ec7u"}]},{"@type":"WebSite","@id":"https:\/\/bv.hoanglongphuquoc.com\/#website","url":"https:\/\/bv.hoanglongphuquoc.com\/","name":"B\u1ea3o V\u1ec7 Ho\u00e0ng Long","description":"C\u00d4NG TY TNHH DV B\u1ea2O V\u1ec6 HO\u00c0NG LONG TMT","potentialAction":[{"@type":"SearchAction","target":{"@type":"EntryPoint","urlTemplate":"https:\/\/bv.hoanglongphuquoc.com\/?s={search_term_string}"},"query-input":{"@type":"PropertyValueSpecification","valueRequired":true,"valueName":"search_term_string"}}],"inLanguage":"vi"}]}},"_links":{"self":[{"href":"https:\/\/bv.hoanglongphuquoc.com\/index.php\/wp-json\/wp\/v2\/pages\/7","targetHints":{"allow":["GET"]}}],"collection":[{"href":"https:\/\/bv.hoanglongphuquoc.com\/index.php\/wp-json\/wp\/v2\/pages"}],"about":[{"href":"https:\/\/bv.hoanglongphuquoc.com\/index.php\/wp-json\/wp\/v2\/types\/page"}],"author":[{"embeddable":true,"href":"https:\/\/bv.hoanglongphuquoc.com\/index.php\/wp-json\/wp\/v2\/users\/1"}],"replies":[{"embeddable":true,"href":"https:\/\/bv.hoanglongphuquoc.com\/index.php\/wp-json\/wp\/v2\/comments?post=7"}],"version-history":[{"count":5,"href":"https:\/\/bv.hoanglongphuquoc.com\/index.php\/wp-json\/wp\/v2\/pages\/7\/revisions"}],"predecessor-version":[{"id":178,"href":"https:\/\/bv.hoanglongphuquoc.com\/index.php\/wp-json\/wp\/v2\/pages\/7\/revisions\/178"}],"wp:featuredmedia":[{"embeddable":true,"href":"https:\/\/bv.hoanglongphuquoc.com\/index.php\/wp-json\/wp\/v2\/media\/166"}],"wp:attachment":[{"href":"https:\/\/bv.hoanglongphuquoc.com\/index.php\/wp-json\/wp\/v2\/media?parent=7"}],"curies":[{"name":"wp","href":"https:\/\/api.w.org\/{rel}","templated":true}]}}